{"id":1564,"date":"2022-02-20T20:39:14","date_gmt":"2022-02-20T20:39:14","guid":{"rendered":"http:\/\/casasnewhouse.ar\/?page_id=1564"},"modified":"2022-02-20T21:11:49","modified_gmt":"2022-02-20T21:11:49","slug":"sillones","status":"publish","type":"page","link":"http:\/\/casasnewhouse.ar\/?page_id=1564","title":{"rendered":"Sillones Adirondack"},"content":{"rendered":"\n<div class=\"wp-container-69d4ca1a06a25 wp-block-group\"><div class=\"wp-block-group__inner-container\">\n<p>Dise\u00f1o cl\u00e1sico de sill\u00f3n para exterior, realizado artesanalmente.<br><br>Consultanos por ventas minoristas y mayoristas.<\/p>\n\n\n\n<div class=\"wp-block-buttons\">\n<div class=\"wp-block-button\"><a class=\"wp-block-button__link\" href=\"\/?page_id=1051\">Consultanos<\/a><\/div>\n<\/div>\n\n\n\n<p><\/p>\n\n\n\n<div class=\"wp-block-columns\">\n<div class=\"wp-block-column\">\n<div class=\"wp-block-image\"><figure class=\"aligncenter size-full\"><img loading=\"lazy\" width=\"800\" height=\"846\" src=\"http:\/\/casasnewhouse.ar\/wp-content\/uploads\/2022\/02\/03.jpg\" alt=\"\" class=\"wp-image-1575\" srcset=\"http:\/\/casasnewhouse.ar\/wp-content\/uploads\/2022\/02\/03.jpg 800w, http:\/\/casasnewhouse.ar\/wp-content\/uploads\/2022\/02\/03-284x300.jpg 284w, http:\/\/casasnewhouse.ar\/wp-content\/uploads\/2022\/02\/03-768x812.jpg 768w\" sizes=\"(max-width: 800px) 100vw, 800px\" \/><\/figure><\/div>\n<\/div>\n\n\n\n<div class=\"wp-block-column\">\n<figure class=\"wp-block-gallery columns-2\"><ul class=\"blocks-gallery-grid\"><li class=\"blocks-gallery-item\"><figure><img loading=\"lazy\" width=\"2560\" height=\"1718\" src=\"http:\/\/casasnewhouse.ar\/wp-content\/uploads\/2022\/02\/DSC_4827-scaled.jpg\" alt=\"\" data-id=\"1576\" data-link=\"http:\/\/casasnewhouse.ar\/?attachment_id=1576\" class=\"wp-image-1576\" srcset=\"http:\/\/casasnewhouse.ar\/wp-content\/uploads\/2022\/02\/DSC_4827-scaled.jpg 2560w, http:\/\/casasnewhouse.ar\/wp-content\/uploads\/2022\/02\/DSC_4827-300x201.jpg 300w, http:\/\/casasnewhouse.ar\/wp-content\/uploads\/2022\/02\/DSC_4827-1024x687.jpg 1024w, http:\/\/casasnewhouse.ar\/wp-content\/uploads\/2022\/02\/DSC_4827-768x516.jpg 768w, http:\/\/casasnewhouse.ar\/wp-content\/uploads\/2022\/02\/DSC_4827-1536x1031.jpg 1536w, http:\/\/casasnewhouse.ar\/wp-content\/uploads\/2022\/02\/DSC_4827-2048x1375.jpg 2048w\" sizes=\"(max-width: 2560px) 100vw, 2560px\" \/><\/figure><\/li><li class=\"blocks-gallery-item\"><figure><img loading=\"lazy\" width=\"2560\" height=\"1718\" src=\"http:\/\/casasnewhouse.ar\/wp-content\/uploads\/2022\/02\/DSC_4826-scaled.jpg\" alt=\"\" data-id=\"1577\" data-link=\"http:\/\/casasnewhouse.ar\/?attachment_id=1577\" class=\"wp-image-1577\" srcset=\"http:\/\/casasnewhouse.ar\/wp-content\/uploads\/2022\/02\/DSC_4826-scaled.jpg 2560w, http:\/\/casasnewhouse.ar\/wp-content\/uploads\/2022\/02\/DSC_4826-300x201.jpg 300w, http:\/\/casasnewhouse.ar\/wp-content\/uploads\/2022\/02\/DSC_4826-1024x687.jpg 1024w, http:\/\/casasnewhouse.ar\/wp-content\/uploads\/2022\/02\/DSC_4826-768x516.jpg 768w, http:\/\/casasnewhouse.ar\/wp-content\/uploads\/2022\/02\/DSC_4826-1536x1031.jpg 1536w, http:\/\/casasnewhouse.ar\/wp-content\/uploads\/2022\/02\/DSC_4826-2048x1375.jpg 2048w\" sizes=\"(max-width: 2560px) 100vw, 2560px\" \/><\/figure><\/li><li class=\"blocks-gallery-item\"><figure><img loading=\"lazy\" width=\"1718\" height=\"2560\" src=\"http:\/\/casasnewhouse.ar\/wp-content\/uploads\/2022\/02\/DSC_4810-scaled.jpg\" alt=\"\" data-id=\"1578\" data-link=\"http:\/\/casasnewhouse.ar\/?attachment_id=1578\" class=\"wp-image-1578\" srcset=\"http:\/\/casasnewhouse.ar\/wp-content\/uploads\/2022\/02\/DSC_4810-scaled.jpg 1718w, http:\/\/casasnewhouse.ar\/wp-content\/uploads\/2022\/02\/DSC_4810-201x300.jpg 201w, http:\/\/casasnewhouse.ar\/wp-content\/uploads\/2022\/02\/DSC_4810-687x1024.jpg 687w, http:\/\/casasnewhouse.ar\/wp-content\/uploads\/2022\/02\/DSC_4810-768x1144.jpg 768w, http:\/\/casasnewhouse.ar\/wp-content\/uploads\/2022\/02\/DSC_4810-1031x1536.jpg 1031w, http:\/\/casasnewhouse.ar\/wp-content\/uploads\/2022\/02\/DSC_4810-1375x2048.jpg 1375w\" sizes=\"(max-width: 1718px) 100vw, 1718px\" \/><\/figure><\/li><li class=\"blocks-gallery-item\"><figure><img loading=\"lazy\" width=\"1718\" height=\"2560\" src=\"http:\/\/casasnewhouse.ar\/wp-content\/uploads\/2022\/02\/DSC_4838-scaled.jpg\" alt=\"\" data-id=\"1579\" data-full-url=\"http:\/\/casasnewhouse.ar\/wp-content\/uploads\/2022\/02\/DSC_4838-scaled.jpg\" data-link=\"http:\/\/casasnewhouse.ar\/?attachment_id=1579\" class=\"wp-image-1579\" srcset=\"http:\/\/casasnewhouse.ar\/wp-content\/uploads\/2022\/02\/DSC_4838-scaled.jpg 1718w, http:\/\/casasnewhouse.ar\/wp-content\/uploads\/2022\/02\/DSC_4838-201x300.jpg 201w, http:\/\/casasnewhouse.ar\/wp-content\/uploads\/2022\/02\/DSC_4838-687x1024.jpg 687w, http:\/\/casasnewhouse.ar\/wp-content\/uploads\/2022\/02\/DSC_4838-768x1144.jpg 768w, http:\/\/casasnewhouse.ar\/wp-content\/uploads\/2022\/02\/DSC_4838-1031x1536.jpg 1031w, http:\/\/casasnewhouse.ar\/wp-content\/uploads\/2022\/02\/DSC_4838-1375x2048.jpg 1375w\" sizes=\"(max-width: 1718px) 100vw, 1718px\" \/><\/figure><\/li><\/ul><\/figure>\n<\/div>\n<\/div>\n<\/div><\/div>\n<style>.wp-container-69d4ca1a06a25 .alignleft { float: left; margin-right: 2em; }.wp-container-69d4ca1a06a25 .alignright { float: right; margin-left: 2em; }<\/style>","protected":false},"excerpt":{"rendered":"<p>Dise\u00f1o cl\u00e1sico de sill\u00f3n para exterior, realizado artesanalmente. Consultanos por ventas minoristas y mayoristas.<\/p>\n","protected":false},"author":1,"featured_media":0,"parent":0,"menu_order":0,"comment_status":"closed","ping_status":"closed","template":"","meta":{"site-sidebar-layout":"default","site-content-layout":"default","ast-main-header-display":"","ast-hfb-above-header-display":"","ast-hfb-below-header-display":"","ast-hfb-mobile-header-display":"","site-post-title":"","ast-breadcrumbs-content":"","ast-featured-img":"","footer-sml-layout":"","theme-transparent-header-meta":"","adv-header-id-meta":"","stick-header-meta":"","header-above-stick-meta":"","header-main-stick-meta":"","header-below-stick-meta":""},"_links":{"self":[{"href":"http:\/\/casasnewhouse.ar\/index.php?rest_route=\/wp\/v2\/pages\/1564"}],"collection":[{"href":"http:\/\/casasnewhouse.ar\/index.php?rest_route=\/wp\/v2\/pages"}],"about":[{"href":"http:\/\/casasnewhouse.ar\/index.php?rest_route=\/wp\/v2\/types\/page"}],"author":[{"embeddable":true,"href":"http:\/\/casasnewhouse.ar\/index.php?rest_route=\/wp\/v2\/users\/1"}],"replies":[{"embeddable":true,"href":"http:\/\/casasnewhouse.ar\/index.php?rest_route=%2Fwp%2Fv2%2Fcomments&post=1564"}],"version-history":[{"count":4,"href":"http:\/\/casasnewhouse.ar\/index.php?rest_route=\/wp\/v2\/pages\/1564\/revisions"}],"predecessor-version":[{"id":1590,"href":"http:\/\/casasnewhouse.ar\/index.php?rest_route=\/wp\/v2\/pages\/1564\/revisions\/1590"}],"wp:attachment":[{"href":"http:\/\/casasnewhouse.ar\/index.php?rest_route=%2Fwp%2Fv2%2Fmedia&parent=1564"}],"curies":[{"name":"wp","href":"https:\/\/api.w.org\/{rel}","templated":true}]}}